{"id":8,"date":"2019-02-15T16:29:17","date_gmt":"2019-02-15T13:29:17","guid":{"rendered":"http:\/\/fividemo.com\/vendoor\/?page_id=8"},"modified":"2019-05-28T12:57:47","modified_gmt":"2019-05-28T09:57:47","slug":"kurumsal","status":"publish","type":"page","link":"https:\/\/vendoorkapi.com\/mk\/kurumsal","title":{"rendered":"\u043d\u0430\u0448\u0430\u0442\u0430 \u043a\u043e\u043c\u043f\u0430\u043d\u0438\u0458\u0430"},"content":{"rendered":"<div class=\"sirketimizhakkinda\">\n<img id=\"imgKurumsal\" src=\"http:\/\/vendoorkapi.com\/wp-content\/uploads\/2019\/03\/fabrikamiz.jpeg\" \/><\/p>\n<p><strong>Vendoor Kap\u0131 Sanayi ;<\/strong> <br \/>1997 Mutfak ve Banyo dolab\u0131 imalat\u0131yla faaliyete ba\u015flayan \u015firketimiz, k\u0131sa s\u00fcrede geli\u015ftirdi\u011fi kalite standartlar\u0131, sekt\u00f6rdeki i\u015f hacmi ve h\u0131zl\u0131 olarak b\u00fcy\u00fcyen \u015firket de\u011feriyle ba\u015far\u0131s\u0131n\u0131 k\u0131sa s\u00fcrede yukar\u0131lara \u043a\u0430\u043c\u0435\u043d\u0131m\u0131\u015ft\u0131r. Bu ba\u015far\u0131lar\u0131n\u0131 2005 y\u0131l\u0131ndan bu yana s\u00fcregelen TSE, ISO 9001:2000 gibi kalite uygunluk belgeleriyle belgelendirmi\u015ftir.<br \/>\n2011 y\u0131l\u0131nda Seri Kap\u0131 \u00fcretimine ba\u015flayarak sekt\u00f6rdeki b\u00fcy\u00fcmesini devam ettiren firmam\u0131z, s\u00fcrekli artan teknolojik yap\u0131s\u0131, kalite odakl\u0131 \u00fcretim anlay\u0131\u015f\u0131 ve m\u00fc\u015fteri memnuniyetiyle \u00fcretim faaliyetlerini h\u0131z kesmeden s\u00fcrd\u00fcrmektedir.<\/p>\n<p><strong>Konya \u2013 Bey\u015fehir Organize Sanayi<\/strong> b\u00f6lgesinde bulunan 4000m2 kapal\u0131, 18000m2 a\u00e7\u0131k alanda entegre olarak \u00e7al\u0131\u015fan fabrikam\u0131zla, siz de\u011ferli m\u00fc\u015fterilerimizin isteklerine en h\u0131zl\u0131 \u015fekilde cevap vermekteyiz.Yurtd\u0131\u015f\u0131 ve yurti\u00e7indeki k\u00f6kl\u00fc in\u015faat firmalar\u0131na sa\u011flad\u0131\u011f\u0131m\u0131z destek, h\u0131zl\u0131 teslimat ve kaliteli \u00fcr\u00fcnlerle artarak devam eden \u00fcretim hacmimizi s\u00fcrd\u00fcrmekteyiz.<br \/>\nGe\u00e7mi\u015ften ald\u0131\u011fm\u0131z birikimlerimiz, m\u00fc\u015fteri memnuniyetimiz ve sa\u011flam \u00fcretim yap\u0131m\u0131zla VENDOOR KAPI SANAY\u0130 olarak T\u00fcrkiye\u2019nin d\u00f6rt bir yan\u0131nda faaliyette bulunmaya devam edecek ve b\u00fcy\u00fcmemizi s\u00fcrd\u00fcrece\u011fiz.<\/p>\n<p><strong>M\u0130SYONUMUZ ;<\/strong> De\u011ferleriyle duygusal sermayesini b\u00fcy\u00fcten, kalitenin s\u00fcrekli geli\u015febilen bir olgu oldu\u011funu varsayarak, iyinin iyisi felsefesini benimsemek ve en kaliteli \u00fcr\u00fcn\u00fc en uygun fiyata sekt\u00f6re sa\u011flamak.<\/p>\n<p><strong>V\u0130ZYONUMUZ ;<\/strong> \u0130\u015f yap\u0131\u015f bi\u00e7imiyle sekt\u00f6rde \u00f6rnek al\u0131nan, s\u00fcrekli yenili\u011fin ve inovasyonun \u00f6nc\u00fc firmas\u0131 olmak ve \u00fcretim faaliyetlerinde de\u011fer yaratarak sekt\u00f6rdeki bir numaral\u0131 marka haline gelmek.\n<\/div>\n","protected":false},"excerpt":{"rendered":"<p>Vendoor Kap\u0131 Sanayi ; 1997 Mutfak ve Banyo dolab\u0131 imalat\u0131yla faaliyete ba\u015flayan \u015firketimiz, k\u0131sa s\u00fcrede geli\u015ftirdi\u011fi kalite standartlar\u0131, sekt\u00f6rdeki i\u015f hacmi ve h\u0131zl\u0131 olarak b\u00fcy\u00fcyen \u015firket de\u011feriyle ba\u015far\u0131s\u0131n\u0131 k\u0131sa s\u00fcrede yukar\u0131lara \u043a\u0430\u043c\u0435\u043d\u0131m\u0131\u015ft\u0131r. Bu ba\u015far\u0131lar\u0131n\u0131 2005 y\u0131l\u0131ndan bu yana s\u00fcregelen TSE, ISO 9001:2000 gibi kalite uygunluk belgeleriyle belgelendirmi\u015ftir. 2011 y\u0131l\u0131nda Seri Kap\u0131 \u00fcretimine ba\u015flayarak sekt\u00f6rdeki b\u00fcy\u00fcmesini [&hellip;]<\/p>\n","protected":false},"author":1,"featured_media":0,"parent":0,"menu_order":0,"comment_status":"closed","ping_status":"closed","template":"","meta":[],"_links":{"self":[{"href":"https:\/\/vendoorkapi.com\/mk\/wp-json\/wp\/v2\/pages\/8"}],"collection":[{"href":"https:\/\/vendoorkapi.com\/mk\/wp-json\/wp\/v2\/pages"}],"about":[{"href":"https:\/\/vendoorkapi.com\/mk\/wp-json\/wp\/v2\/types\/page"}],"author":[{"embeddable":true,"href":"https:\/\/vendoorkapi.com\/mk\/wp-json\/wp\/v2\/users\/1"}],"replies":[{"embeddable":true,"href":"https:\/\/vendoorkapi.com\/mk\/wp-json\/wp\/v2\/comments?post=8"}],"version-history":[{"count":50,"href":"https:\/\/vendoorkapi.com\/mk\/wp-json\/wp\/v2\/pages\/8\/revisions"}],"predecessor-version":[{"id":1863,"href":"https:\/\/vendoorkapi.com\/mk\/wp-json\/wp\/v2\/pages\/8\/revisions\/1863"}],"wp:attachment":[{"href":"https:\/\/vendoorkapi.com\/mk\/wp-json\/wp\/v2\/media?parent=8"}],"curies":[{"name":"wp","href":"https:\/\/api.w.org\/{rel}","templated":true}]}}