{"id":808,"date":"2019-03-26T16:07:04","date_gmt":"2019-03-26T13:07:04","guid":{"rendered":"http:\/\/vendoorkapi.com\/?page_id=808"},"modified":"2019-05-28T12:57:09","modified_gmt":"2019-05-28T09:57:09","slug":"neden-vendoor-kapi","status":"publish","type":"page","link":"https:\/\/vendoorkapi.com\/mk\/neden-vendoor-kapi","title":{"rendered":"\u0437\u043e\u0448\u0442\u043e Vendoor \u041a\u043e\u043c\u043f\u0430\u043d\u0438\u0458\u0430?"},"content":{"rendered":"<img id=\"imgKurumsal\" src=\"http:\/\/vendoorkapi.com\/wp-content\/uploads\/2019\/03\/nedenvendoorsayfa.jpg\" \/>\n<div class=\"nedenvendoorsayfa\">\n<p><span><i class=\"fa fa-check\"><\/i> Toptan ve perakende sat\u0131\u015f hizmeti sunuyoruz.<\/span><\/p>\n<p><span><i class=\"fa fa-check\"><\/i> %100 Yerli \u00dcretim G\u00fcvencesi<\/span><\/p>\n<p><span><i class=\"fa fa-check\"><\/i> TSE , ISO 9001 :2000 Ve Patentli \u00dcretim belgeli hizmet sunuyoruz.<\/span><\/p>\n<p><span><i class=\"fa fa-check\"><\/i> 20 adete yak\u0131n stoklu model se\u00e7ene\u011fiyle daima Acil Kap\u0131 ihtiyac\u0131n\u0131z\u0131 h\u0131zl\u0131 kar\u015f\u0131layabilen bir hizmet sunuyoruz.<\/span><\/p>\n<p><span><i class=\"fa fa-check\"><\/i> Daima ayn\u0131 kalitede ve uygun fiyat garantisi sunuyoruz.<\/span><\/p>\n<p><span><i class=\"fa fa-check\"><\/i> \u041f\u0412\u0426 kap\u0131larda y\u00fczey kalkmas\u0131na veya kap\u0131lardaki d\u00f6nme risklerine kar\u015f\u0131 \u00f6m\u00fcr boyu garanti veriyoruz.<\/span><\/p>\n<p><span><i class=\"fa fa-check\"><\/i> Projeleriniz veya eviniz i\u00e7in \u00f6zel sipari\u015f sistemi ile \u00fcretim yapabiliyoruz.<\/span><\/p>\n<p><span><i class=\"fa fa-check\"><\/i> Model isteklerinize g\u00f6re hayal etti\u011finiz ve istedi\u011finiz her modeli  , \u00f6l\u00e7\u00fcn\u00fcze \u00f6zel  tasarlay\u0131p en k\u0131sa s\u00fcre i\u00e7erisinde \u00fcreterek size sunabiliyoruz.<\/span>\n<\/div>\n","protected":false},"excerpt":{"rendered":"<p>Toptan ve perakende sat\u0131\u015f hizmeti sunuyoruz. %100 Yerli \u00dcretim G\u00fcvencesi TSE , ISO 9001 :2000 Ve Patentli \u00dcretim belgeli hizmet sunuyoruz. 20 adete yak\u0131n stoklu model se\u00e7ene\u011fiyle daima Acil Kap\u0131 ihtiyac\u0131n\u0131z\u0131 h\u0131zl\u0131 kar\u015f\u0131layabilen bir hizmet sunuyoruz. Daima ayn\u0131 kalitede ve uygun fiyat garantisi sunuyoruz. \u041f\u0412\u0426 kap\u0131larda y\u00fczey kalkmas\u0131na veya kap\u0131lardaki d\u00f6nme risklerine kar\u015f\u0131 \u00f6m\u00fcr boyu [&hellip;]<\/p>\n","protected":false},"author":1,"featured_media":0,"parent":0,"menu_order":0,"comment_status":"closed","ping_status":"closed","template":"","meta":[],"_links":{"self":[{"href":"https:\/\/vendoorkapi.com\/mk\/wp-json\/wp\/v2\/pages\/808"}],"collection":[{"href":"https:\/\/vendoorkapi.com\/mk\/wp-json\/wp\/v2\/pages"}],"about":[{"href":"https:\/\/vendoorkapi.com\/mk\/wp-json\/wp\/v2\/types\/page"}],"author":[{"embeddable":true,"href":"https:\/\/vendoorkapi.com\/mk\/wp-json\/wp\/v2\/users\/1"}],"replies":[{"embeddable":true,"href":"https:\/\/vendoorkapi.com\/mk\/wp-json\/wp\/v2\/comments?post=808"}],"version-history":[{"count":16,"href":"https:\/\/vendoorkapi.com\/mk\/wp-json\/wp\/v2\/pages\/808\/revisions"}],"predecessor-version":[{"id":1861,"href":"https:\/\/vendoorkapi.com\/mk\/wp-json\/wp\/v2\/pages\/808\/revisions\/1861"}],"wp:attachment":[{"href":"https:\/\/vendoorkapi.com\/mk\/wp-json\/wp\/v2\/media?parent=808"}],"curies":[{"name":"wp","href":"https:\/\/api.w.org\/{rel}","templated":true}]}}